{"id":609,"date":"2023-07-14T08:31:59","date_gmt":"2023-07-14T08:31:59","guid":{"rendered":"http:\/\/www.bulledaydinlatma.com\/?page_id=609"},"modified":"2023-07-24T09:31:12","modified_gmt":"2023-07-24T09:31:12","slug":"sokak-armatur-modul","status":"publish","type":"page","link":"http:\/\/www.bulledaydinlatma.com\/index.php\/sokak-armatur-modul\/","title":{"rendered":"Sokak armat\u00fcr mod\u00fcl"},"content":{"rendered":"\t\t<div data-elementor-type=\"wp-page\" data-elementor-id=\"609\" class=\"elementor elementor-609\" data-elementor-settings=\"[]\">\n\t\t\t\t\t\t\t<div class=\"elementor-section-wrap\">\n\t\t\t\t\t\t\t<section class=\"elementor-section elementor-top-section elementor-element elementor-element-0cb9e5c elementor-section-boxed elementor-section-height-default elementor-section-height-default\" data-id=\"0cb9e5c\" data-element_type=\"section\">\n\t\t\t\t\t\t<div class=\"elementor-container elementor-column-gap-default\">\n\t\t\t\t\t<div class=\"elementor-column elementor-col-100 elementor-top-column elementor-element elementor-element-d8f0c77\" data-id=\"d8f0c77\" data-element_type=\"column\">\n\t\t\t<div class=\"elementor-widget-wrap elementor-element-populated\">\n\t\t\t\t\t\t\t\t<div class=\"elementor-element elementor-element-7f3d7f5 elementor-widget-divider--view-line_text elementor-widget-divider--element-align-center elementor-widget elementor-widget-divider\" data-id=\"7f3d7f5\" data-element_type=\"widget\" data-widget_type=\"divider.default\">\n\t\t\t\t<div class=\"elementor-widget-container\">\n\t\t\t\t\t<div class=\"elementor-divider\">\n\t\t\t<span class=\"elementor-divider-separator\">\n\t\t\t\t\t\t\t<span class=\"elementor-divider__text elementor-divider__element\">Sokak Armat\u00fcr\u00fc Mod\u00fcl<\/span>\n\t\t\t\t\t\t<\/span>\n\t\t<\/div>\n\t\t\t\t<\/div>\n\t\t\t\t<\/div>\n\t\t\t\t\t<\/div>\n\t\t<\/div>\n\t\t\t\t\t\t\t<\/div>\n\t\t<\/section>\n\t\t\t\t<section class=\"elementor-section elementor-top-section elementor-element elementor-element-f2e6e4f elementor-section-full_width elementor-section-stretched elementor-section-height-default elementor-section-height-default\" data-id=\"f2e6e4f\" data-element_type=\"section\" data-settings=\"{&quot;stretch_section&quot;:&quot;section-stretched&quot;}\">\n\t\t\t\t\t\t<div class=\"elementor-container elementor-column-gap-default\">\n\t\t\t\t\t<div class=\"make-column-clickable-elementor elementor-column elementor-col-25 elementor-top-column elementor-element elementor-element-87c94a2\" style=\"cursor: pointer;\" data-column-clickable=\"http:\/\/www.bulledaydinlatma.com\/index.php\/blsk-27\" data-column-clickable-blank=\"_self\" data-id=\"87c94a2\" data-element_type=\"column\" data-settings=\"{&quot;background_background&quot;:&quot;classic&quot;}\">\n\t\t\t<div class=\"elementor-widget-wrap elementor-element-populated\">\n\t\t\t\t\t<div class=\"elementor-background-overlay\"><\/div>\n\t\t\t\t\t\t\t\t<div class=\"elementor-element elementor-element-0d15b0f elementor-widget elementor-widget-heading\" data-id=\"0d15b0f\" data-element_type=\"widget\" data-widget_type=\"heading.default\">\n\t\t\t\t<div class=\"elementor-widget-container\">\n\t\t\t<h2 class=\"elementor-heading-title elementor-size-default\">BLSK-27<br>60 Watt 24 LED<\/h2>\t\t<\/div>\n\t\t\t\t<\/div>\n\t\t\t\t<div class=\"elementor-element elementor-element-ebae6cd elementor-widget elementor-widget-image\" data-id=\"ebae6cd\" data-element_type=\"widget\" data-widget_type=\"image.default\">\n\t\t\t\t<div class=\"elementor-widget-container\">\n\t\t\t\t\t<div class=\"elementor-image\">\n\t\t\t\t\t\t\t\t\t\t<img width=\"1024\" height=\"800\" src=\"http:\/\/www.bulledaydinlatma.com\/wp-content\/uploads\/2023\/07\/BLSK-27-12S2P-3535-60-24-SKL-1024x800.png\" class=\"attachment-large size-large\" alt=\"\" decoding=\"async\" loading=\"lazy\" srcset=\"http:\/\/www.bulledaydinlatma.com\/wp-content\/uploads\/2023\/07\/BLSK-27-12S2P-3535-60-24-SKL-1024x800.png 1024w, http:\/\/www.bulledaydinlatma.com\/wp-content\/uploads\/2023\/07\/BLSK-27-12S2P-3535-60-24-SKL-300x234.png 300w, http:\/\/www.bulledaydinlatma.com\/wp-content\/uploads\/2023\/07\/BLSK-27-12S2P-3535-60-24-SKL-768x600.png 768w, http:\/\/www.bulledaydinlatma.com\/wp-content\/uploads\/2023\/07\/BLSK-27-12S2P-3535-60-24-SKL.png 1420w\" sizes=\"(max-width: 1024px) 100vw, 1024px\" \/>\t\t\t\t\t\t\t\t\t\t\t<\/div>\n\t\t\t\t<\/div>\n\t\t\t\t<\/div>\n\t\t\t\t<div class=\"elementor-element elementor-element-cf5271a elementor-widget elementor-widget-image\" data-id=\"cf5271a\" data-element_type=\"widget\" data-widget_type=\"image.default\">\n\t\t\t\t<div class=\"elementor-widget-container\">\n\t\t\t\t\t<div class=\"elementor-image\">\n\t\t\t\t\t\t\t\t\t\t<img width=\"1024\" height=\"294\" src=\"http:\/\/www.bulledaydinlatma.com\/wp-content\/uploads\/2023\/07\/LED-OZELLIK-3-1024x294.png\" class=\"attachment-large size-large\" alt=\"\" decoding=\"async\" loading=\"lazy\" srcset=\"http:\/\/www.bulledaydinlatma.com\/wp-content\/uploads\/2023\/07\/LED-OZELLIK-3-1024x294.png 1024w, http:\/\/www.bulledaydinlatma.com\/wp-content\/uploads\/2023\/07\/LED-OZELLIK-3-300x86.png 300w, http:\/\/www.bulledaydinlatma.com\/wp-content\/uploads\/2023\/07\/LED-OZELLIK-3-768x221.png 768w, http:\/\/www.bulledaydinlatma.com\/wp-content\/uploads\/2023\/07\/LED-OZELLIK-3-1536x442.png 1536w, http:\/\/www.bulledaydinlatma.com\/wp-content\/uploads\/2023\/07\/LED-OZELLIK-3.png 1937w\" sizes=\"(max-width: 1024px) 100vw, 1024px\" \/>\t\t\t\t\t\t\t\t\t\t\t<\/div>\n\t\t\t\t<\/div>\n\t\t\t\t<\/div>\n\t\t\t\t\t<\/div>\n\t\t<\/div>\n\t\t\t\t<div class=\"make-column-clickable-elementor elementor-column elementor-col-25 elementor-top-column elementor-element elementor-element-ea14c09\" style=\"cursor: pointer;\" data-column-clickable=\"http:\/\/www.bulledaydinlatma.com\/index.php\/blsk-28\" data-column-clickable-blank=\"_self\" data-id=\"ea14c09\" data-element_type=\"column\" data-settings=\"{&quot;background_background&quot;:&quot;classic&quot;}\">\n\t\t\t<div class=\"elementor-widget-wrap elementor-element-populated\">\n\t\t\t\t\t<div class=\"elementor-background-overlay\"><\/div>\n\t\t\t\t\t\t\t\t<div class=\"elementor-element elementor-element-85e2a27 elementor-widget elementor-widget-heading\" data-id=\"85e2a27\" data-element_type=\"widget\" data-widget_type=\"heading.default\">\n\t\t\t\t<div class=\"elementor-widget-container\">\n\t\t\t<h2 class=\"elementor-heading-title elementor-size-default\">BLSK-28<br>100 Watt 48 LED<\/h2>\t\t<\/div>\n\t\t\t\t<\/div>\n\t\t\t\t<div class=\"elementor-element elementor-element-ac1b3b8 elementor-widget elementor-widget-image\" data-id=\"ac1b3b8\" data-element_type=\"widget\" data-widget_type=\"image.default\">\n\t\t\t\t<div class=\"elementor-widget-container\">\n\t\t\t\t\t<div class=\"elementor-image\">\n\t\t\t\t\t\t\t\t\t\t<img width=\"889\" height=\"1024\" src=\"http:\/\/www.bulledaydinlatma.com\/wp-content\/uploads\/2023\/07\/BLSK-28-12S4P-3535-100-48-SKL-889x1024.png\" class=\"attachment-large size-large\" alt=\"\" decoding=\"async\" loading=\"lazy\" srcset=\"http:\/\/www.bulledaydinlatma.com\/wp-content\/uploads\/2023\/07\/BLSK-28-12S4P-3535-100-48-SKL-889x1024.png 889w, http:\/\/www.bulledaydinlatma.com\/wp-content\/uploads\/2023\/07\/BLSK-28-12S4P-3535-100-48-SKL-261x300.png 261w, http:\/\/www.bulledaydinlatma.com\/wp-content\/uploads\/2023\/07\/BLSK-28-12S4P-3535-100-48-SKL-768x884.png 768w, http:\/\/www.bulledaydinlatma.com\/wp-content\/uploads\/2023\/07\/BLSK-28-12S4P-3535-100-48-SKL-1334x1536.png 1334w, http:\/\/www.bulledaydinlatma.com\/wp-content\/uploads\/2023\/07\/BLSK-28-12S4P-3535-100-48-SKL.png 1468w\" sizes=\"(max-width: 889px) 100vw, 889px\" \/>\t\t\t\t\t\t\t\t\t\t\t<\/div>\n\t\t\t\t<\/div>\n\t\t\t\t<\/div>\n\t\t\t\t<div class=\"elementor-element elementor-element-ee09c54 elementor-widget elementor-widget-image\" data-id=\"ee09c54\" data-element_type=\"widget\" data-widget_type=\"image.default\">\n\t\t\t\t<div class=\"elementor-widget-container\">\n\t\t\t\t\t<div class=\"elementor-image\">\n\t\t\t\t\t\t\t\t\t\t<img width=\"1024\" height=\"294\" src=\"http:\/\/www.bulledaydinlatma.com\/wp-content\/uploads\/2023\/07\/LED-OZELLIK-3-1024x294.png\" class=\"attachment-large size-large\" alt=\"\" decoding=\"async\" loading=\"lazy\" srcset=\"http:\/\/www.bulledaydinlatma.com\/wp-content\/uploads\/2023\/07\/LED-OZELLIK-3-1024x294.png 1024w, http:\/\/www.bulledaydinlatma.com\/wp-content\/uploads\/2023\/07\/LED-OZELLIK-3-300x86.png 300w, http:\/\/www.bulledaydinlatma.com\/wp-content\/uploads\/2023\/07\/LED-OZELLIK-3-768x221.png 768w, http:\/\/www.bulledaydinlatma.com\/wp-content\/uploads\/2023\/07\/LED-OZELLIK-3-1536x442.png 1536w, http:\/\/www.bulledaydinlatma.com\/wp-content\/uploads\/2023\/07\/LED-OZELLIK-3.png 1937w\" sizes=\"(max-width: 1024px) 100vw, 1024px\" \/>\t\t\t\t\t\t\t\t\t\t\t<\/div>\n\t\t\t\t<\/div>\n\t\t\t\t<\/div>\n\t\t\t\t\t<\/div>\n\t\t<\/div>\n\t\t\t\t<div class=\"make-column-clickable-elementor elementor-column elementor-col-25 elementor-top-column elementor-element elementor-element-10f3f6e\" style=\"cursor: pointer;\" data-column-clickable=\"http:\/\/www.bulledaydinlatma.com\/index.php\/blsk-29\" data-column-clickable-blank=\"_self\" data-id=\"10f3f6e\" data-element_type=\"column\" data-settings=\"{&quot;background_background&quot;:&quot;classic&quot;}\">\n\t\t\t<div class=\"elementor-widget-wrap elementor-element-populated\">\n\t\t\t\t\t<div class=\"elementor-background-overlay\"><\/div>\n\t\t\t\t\t\t\t\t<div class=\"elementor-element elementor-element-02a0a73 elementor-widget elementor-widget-heading\" data-id=\"02a0a73\" data-element_type=\"widget\" data-widget_type=\"heading.default\">\n\t\t\t\t<div class=\"elementor-widget-container\">\n\t\t\t<h2 class=\"elementor-heading-title elementor-size-default\">BLSK-29<br>60 Watt 72 LED<\/h2>\t\t<\/div>\n\t\t\t\t<\/div>\n\t\t\t\t<div class=\"elementor-element elementor-element-f558d9c elementor-widget elementor-widget-image\" data-id=\"f558d9c\" data-element_type=\"widget\" data-widget_type=\"image.default\">\n\t\t\t\t<div class=\"elementor-widget-container\">\n\t\t\t\t\t<div class=\"elementor-image\">\n\t\t\t\t\t\t\t\t\t\t<img width=\"1024\" height=\"769\" src=\"http:\/\/www.bulledaydinlatma.com\/wp-content\/uploads\/2023\/07\/BLSK-29-24S-3P-3030-60-72-SKL-1024x769.png\" class=\"attachment-large size-large\" alt=\"\" decoding=\"async\" loading=\"lazy\" srcset=\"http:\/\/www.bulledaydinlatma.com\/wp-content\/uploads\/2023\/07\/BLSK-29-24S-3P-3030-60-72-SKL-1024x769.png 1024w, http:\/\/www.bulledaydinlatma.com\/wp-content\/uploads\/2023\/07\/BLSK-29-24S-3P-3030-60-72-SKL-300x225.png 300w, http:\/\/www.bulledaydinlatma.com\/wp-content\/uploads\/2023\/07\/BLSK-29-24S-3P-3030-60-72-SKL-768x576.png 768w, http:\/\/www.bulledaydinlatma.com\/wp-content\/uploads\/2023\/07\/BLSK-29-24S-3P-3030-60-72-SKL.png 1491w\" sizes=\"(max-width: 1024px) 100vw, 1024px\" \/>\t\t\t\t\t\t\t\t\t\t\t<\/div>\n\t\t\t\t<\/div>\n\t\t\t\t<\/div>\n\t\t\t\t<div class=\"elementor-element elementor-element-a601403 elementor-widget elementor-widget-image\" data-id=\"a601403\" data-element_type=\"widget\" data-widget_type=\"image.default\">\n\t\t\t\t<div class=\"elementor-widget-container\">\n\t\t\t\t\t<div class=\"elementor-image\">\n\t\t\t\t\t\t\t\t\t\t<img width=\"1024\" height=\"294\" src=\"http:\/\/www.bulledaydinlatma.com\/wp-content\/uploads\/2023\/07\/LED-OZELLIK-2-1024x294.png\" class=\"attachment-large size-large\" alt=\"\" decoding=\"async\" loading=\"lazy\" srcset=\"http:\/\/www.bulledaydinlatma.com\/wp-content\/uploads\/2023\/07\/LED-OZELLIK-2-1024x294.png 1024w, http:\/\/www.bulledaydinlatma.com\/wp-content\/uploads\/2023\/07\/LED-OZELLIK-2-300x86.png 300w, http:\/\/www.bulledaydinlatma.com\/wp-content\/uploads\/2023\/07\/LED-OZELLIK-2-768x221.png 768w, http:\/\/www.bulledaydinlatma.com\/wp-content\/uploads\/2023\/07\/LED-OZELLIK-2-1536x442.png 1536w, http:\/\/www.bulledaydinlatma.com\/wp-content\/uploads\/2023\/07\/LED-OZELLIK-2.png 1937w\" sizes=\"(max-width: 1024px) 100vw, 1024px\" \/>\t\t\t\t\t\t\t\t\t\t\t<\/div>\n\t\t\t\t<\/div>\n\t\t\t\t<\/div>\n\t\t\t\t\t<\/div>\n\t\t<\/div>\n\t\t\t\t<div class=\"make-column-clickable-elementor elementor-column elementor-col-25 elementor-top-column elementor-element elementor-element-c99327c\" style=\"cursor: pointer;\" data-column-clickable=\"http:\/\/www.bulledaydinlatma.com\/index.php\/blsk-30\" data-column-clickable-blank=\"_self\" data-id=\"c99327c\" data-element_type=\"column\" data-settings=\"{&quot;background_background&quot;:&quot;classic&quot;}\">\n\t\t\t<div class=\"elementor-widget-wrap elementor-element-populated\">\n\t\t\t\t\t<div class=\"elementor-background-overlay\"><\/div>\n\t\t\t\t\t\t\t\t<div class=\"elementor-element elementor-element-f30e1a0 elementor-widget elementor-widget-heading\" data-id=\"f30e1a0\" data-element_type=\"widget\" data-widget_type=\"heading.default\">\n\t\t\t\t<div class=\"elementor-widget-container\">\n\t\t\t<h2 class=\"elementor-heading-title elementor-size-default\">BLSK-30<br>100 Watt 96 LED<\/h2>\t\t<\/div>\n\t\t\t\t<\/div>\n\t\t\t\t<div class=\"elementor-element elementor-element-edcff1a elementor-widget elementor-widget-image\" data-id=\"edcff1a\" data-element_type=\"widget\" data-widget_type=\"image.default\">\n\t\t\t\t<div class=\"elementor-widget-container\">\n\t\t\t\t\t<div class=\"elementor-image\">\n\t\t\t\t\t\t\t\t\t\t<img width=\"1024\" height=\"794\" src=\"http:\/\/www.bulledaydinlatma.com\/wp-content\/uploads\/2023\/07\/BLSK-30-24S4P-3030-100-96-SKL-1024x794.png\" class=\"attachment-large size-large\" alt=\"\" decoding=\"async\" loading=\"lazy\" srcset=\"http:\/\/www.bulledaydinlatma.com\/wp-content\/uploads\/2023\/07\/BLSK-30-24S4P-3030-100-96-SKL-1024x794.png 1024w, http:\/\/www.bulledaydinlatma.com\/wp-content\/uploads\/2023\/07\/BLSK-30-24S4P-3030-100-96-SKL-300x233.png 300w, http:\/\/www.bulledaydinlatma.com\/wp-content\/uploads\/2023\/07\/BLSK-30-24S4P-3030-100-96-SKL-768x595.png 768w, http:\/\/www.bulledaydinlatma.com\/wp-content\/uploads\/2023\/07\/BLSK-30-24S4P-3030-100-96-SKL.png 1442w\" sizes=\"(max-width: 1024px) 100vw, 1024px\" \/>\t\t\t\t\t\t\t\t\t\t\t<\/div>\n\t\t\t\t<\/div>\n\t\t\t\t<\/div>\n\t\t\t\t<div class=\"elementor-element elementor-element-a2ddc22 elementor-widget elementor-widget-image\" data-id=\"a2ddc22\" data-element_type=\"widget\" data-widget_type=\"image.default\">\n\t\t\t\t<div class=\"elementor-widget-container\">\n\t\t\t\t\t<div class=\"elementor-image\">\n\t\t\t\t\t\t\t\t\t\t<img width=\"1024\" height=\"294\" src=\"http:\/\/www.bulledaydinlatma.com\/wp-content\/uploads\/2023\/07\/LED-OZELLIK-2-1024x294.png\" class=\"attachment-large size-large\" alt=\"\" decoding=\"async\" loading=\"lazy\" srcset=\"http:\/\/www.bulledaydinlatma.com\/wp-content\/uploads\/2023\/07\/LED-OZELLIK-2-1024x294.png 1024w, http:\/\/www.bulledaydinlatma.com\/wp-content\/uploads\/2023\/07\/LED-OZELLIK-2-300x86.png 300w, http:\/\/www.bulledaydinlatma.com\/wp-content\/uploads\/2023\/07\/LED-OZELLIK-2-768x221.png 768w, http:\/\/www.bulledaydinlatma.com\/wp-content\/uploads\/2023\/07\/LED-OZELLIK-2-1536x442.png 1536w, http:\/\/www.bulledaydinlatma.com\/wp-content\/uploads\/2023\/07\/LED-OZELLIK-2.png 1937w\" sizes=\"(max-width: 1024px) 100vw, 1024px\" \/>\t\t\t\t\t\t\t\t\t\t\t<\/div>\n\t\t\t\t<\/div>\n\t\t\t\t<\/div>\n\t\t\t\t\t<\/div>\n\t\t<\/div>\n\t\t\t\t\t\t\t<\/div>\n\t\t<\/section>\n\t\t\t\t\t\t<\/div>\n\t\t\t\t\t<\/div>\n\t\t","protected":false},"excerpt":{"rendered":"<p>Sokak Armat\u00fcr\u00fc Mod\u00fcl BLSK-2760 Watt 24 LED BLSK-28100 Watt 48 LED BLSK-2960 Watt 72 LED BLSK-30100 Watt 96 LED<\/p>\n","protected":false},"author":1,"featured_media":0,"parent":0,"menu_order":0,"comment_status":"closed","ping_status":"closed","template":"","meta":{"_joinchat":[]},"_links":{"self":[{"href":"http:\/\/www.bulledaydinlatma.com\/index.php\/wp-json\/wp\/v2\/pages\/609"}],"collection":[{"href":"http:\/\/www.bulledaydinlatma.com\/index.php\/wp-json\/wp\/v2\/pages"}],"about":[{"href":"http:\/\/www.bulledaydinlatma.com\/index.php\/wp-json\/wp\/v2\/types\/page"}],"author":[{"embeddable":true,"href":"http:\/\/www.bulledaydinlatma.com\/index.php\/wp-json\/wp\/v2\/users\/1"}],"replies":[{"embeddable":true,"href":"http:\/\/www.bulledaydinlatma.com\/index.php\/wp-json\/wp\/v2\/comments?post=609"}],"version-history":[{"count":20,"href":"http:\/\/www.bulledaydinlatma.com\/index.php\/wp-json\/wp\/v2\/pages\/609\/revisions"}],"predecessor-version":[{"id":1089,"href":"http:\/\/www.bulledaydinlatma.com\/index.php\/wp-json\/wp\/v2\/pages\/609\/revisions\/1089"}],"wp:attachment":[{"href":"http:\/\/www.bulledaydinlatma.com\/index.php\/wp-json\/wp\/v2\/media?parent=609"}],"curies":[{"name":"wp","href":"https:\/\/api.w.org\/{rel}","templated":true}]}}