{"id":1140,"date":"2023-07-24T12:53:05","date_gmt":"2023-07-24T12:53:05","guid":{"rendered":"https:\/\/www.bulledaydinlatma.com\/?page_id=1140"},"modified":"2023-07-27T08:22:12","modified_gmt":"2023-07-27T08:22:12","slug":"bldr-65-350","status":"publish","type":"page","link":"https:\/\/www.bulledaydinlatma.com\/index.php\/bldr-65-350\/","title":{"rendered":"BLDR-65-350"},"content":{"rendered":"\t\t<div data-elementor-type=\"wp-page\" data-elementor-id=\"1140\" class=\"elementor elementor-1140\" data-elementor-settings=\"[]\">\n\t\t\t\t\t\t\t<div class=\"elementor-section-wrap\">\n\t\t\t\t\t\t\t<section class=\"elementor-section elementor-top-section elementor-element elementor-element-6b681cf elementor-section-stretched elementor-section-boxed elementor-section-height-default elementor-section-height-default\" data-id=\"6b681cf\" data-element_type=\"section\" data-settings=\"{&quot;stretch_section&quot;:&quot;section-stretched&quot;}\">\n\t\t\t\t\t\t<div class=\"elementor-container elementor-column-gap-default\">\n\t\t\t\t\t<div class=\"elementor-column elementor-col-33 elementor-top-column elementor-element elementor-element-1263c1c\" data-id=\"1263c1c\" data-element_type=\"column\" data-settings=\"{&quot;background_background&quot;:&quot;classic&quot;}\">\n\t\t\t<div class=\"elementor-widget-wrap elementor-element-populated\">\n\t\t\t\t\t\t\t\t<div class=\"elementor-element elementor-element-8430d40 elementor-widget elementor-widget-heading\" data-id=\"8430d40\" data-element_type=\"widget\" data-widget_type=\"heading.default\">\n\t\t\t\t<div class=\"elementor-widget-container\">\n\t\t\t<h2 class=\"elementor-heading-title elementor-size-default\">Yerli LED Driver<\/h2>\t\t<\/div>\n\t\t\t\t<\/div>\n\t\t\t\t<div class=\"elementor-element elementor-element-4517afb elementor-skin-coverflow elementor-arrows-yes elementor-pagination-type-bullets elementor-pagination-position-outside elementor-widget elementor-widget-media-carousel\" data-id=\"4517afb\" data-element_type=\"widget\" data-settings=\"{&quot;skin&quot;:&quot;coverflow&quot;,&quot;slides_per_view&quot;:&quot;1&quot;,&quot;space_between&quot;:{&quot;unit&quot;:&quot;px&quot;,&quot;size&quot;:25,&quot;sizes&quot;:[]},&quot;show_arrows&quot;:&quot;yes&quot;,&quot;pagination&quot;:&quot;bullets&quot;,&quot;speed&quot;:500,&quot;autoplay&quot;:&quot;yes&quot;,&quot;autoplay_speed&quot;:5000,&quot;loop&quot;:&quot;yes&quot;,&quot;pause_on_hover&quot;:&quot;yes&quot;,&quot;pause_on_interaction&quot;:&quot;yes&quot;,&quot;space_between_tablet&quot;:{&quot;unit&quot;:&quot;px&quot;,&quot;size&quot;:10,&quot;sizes&quot;:[]},&quot;space_between_mobile&quot;:{&quot;unit&quot;:&quot;px&quot;,&quot;size&quot;:10,&quot;sizes&quot;:[]}}\" data-widget_type=\"media-carousel.default\">\n\t\t\t\t<div class=\"elementor-widget-container\">\n\t\t\t\t\t<div class=\"elementor-swiper\">\n\t\t\t<div class=\"elementor-main-swiper swiper-container\">\n\t\t\t\t<div class=\"swiper-wrapper\">\n\t\t\t\t\t\t\t\t\t\t\t<div class=\"swiper-slide\">\n\t\t\t\t\t\t\t<a href=\"http:\/\/www.bulledaydinlatma.com\/wp-content\/uploads\/2023\/07\/65-85W-on-cikis-120-240.png\" data-elementor-open-lightbox=\"yes\" data-elementor-lightbox-slideshow=\"4517afb\" data-elementor-lightbox-title=\"65-85W \u00f6n c\u0131k\u0131s 120-240\">\t\t<div class=\"elementor-carousel-image\" style=\"background-image: url(https:\/\/www.bulledaydinlatma.com\/wp-content\/uploads\/2023\/07\/65-85W-on-cikis-120-240-1024x458.png)\">\n\t\t\t\t\t<\/div>\n\t\t<\/a>\t\t\t\t\t\t<\/div>\n\t\t\t\t\t\t\t\t\t<\/div>\n\t\t\t\t\t\t\t<\/div>\n\t\t<\/div>\n\t\t\t\t<\/div>\n\t\t\t\t<\/div>\n\t\t\t\t\t<\/div>\n\t\t<\/div>\n\t\t\t\t<div class=\"elementor-column elementor-col-33 elementor-top-column elementor-element elementor-element-acd9490\" data-id=\"acd9490\" data-element_type=\"column\">\n\t\t\t<div class=\"elementor-widget-wrap\">\n\t\t\t\t\t\t\t\t\t<\/div>\n\t\t<\/div>\n\t\t\t\t<div class=\"elementor-column elementor-col-33 elementor-top-column elementor-element elementor-element-02484ca\" data-id=\"02484ca\" data-element_type=\"column\">\n\t\t\t<div class=\"elementor-widget-wrap elementor-element-populated\">\n\t\t\t\t\t\t\t\t<div class=\"elementor-element elementor-element-79babc6 elementor-invisible elementor-widget elementor-widget-html\" data-id=\"79babc6\" data-element_type=\"widget\" data-settings=\"{&quot;_animation&quot;:&quot;bounceIn&quot;}\" data-widget_type=\"html.default\">\n\t\t\t\t<div class=\"elementor-widget-container\">\n\t\t\t<!DOCTYPE html>\r\n<html>\r\n<head>\r\n\t<title>LED \u00d6zellikleri<\/title>\r\n<\/head>\r\n<body>\r\n\t<table>\r\n\t\t<tr>\r\n\t\t\t<td><b>Model<\/b><\/td>\r\n\t\t\t<td>BLDR-65-350<\/td>\r\n\t\t<\/tr>\r\n\t\t<tr>\r\n\t\t\t<td><b>Giri\u015f Voltaj\u0131<\/b><\/td>\r\n\t\t\t<td>220-240V AC<\/td>\r\n\t\t<\/tr>\r\n\t\t<tr>\r\n\t\t\t<td><b>G\u00fc\u00e7 Fakt\u00f6r\u00fc<\/b><\/td>\r\n\t\t\t<td>>0.9<\/td>\r\n\t\t<\/tr>\r\n\t\t<tr>\r\n\t\t\t<td><b>Verimlilik<\/b><\/td>\r\n\t\t\t<td>\u2265%89<\/td>\r\n\t\t<\/tr>\r\n\t\t<tr>\r\n\t\t\t<td><b>Kasa Tipi<\/b><\/td>\r\n\t\t\t<td>Plastik<\/td>\r\n\t\t<\/tr>\r\n\t\t<tr>\r\n\t\t\t<td><b>G\u00fc\u00e7<\/b><\/td>\r\n\t\t\t<td>65 w<\/td>\r\n\t\t<\/tr>\r\n\t\t<tr>\r\n\t\t\t<td><b>Ip<\/b><\/td>\r\n\t\t\t<td>IP20<\/td>\r\n\t\t<\/tr>\r\n\t\t\t\t<tr>\r\n\t\t\t<td><b>\u00c7\u0131k\u0131\u015f Voltaj\u0131<\/b><\/td>\r\n\t\t\t<td>Max 180V DC<\/td>\r\n\t\t<\/tr>\r\n\t\t\t\t\t<tr>\r\n\t\t\t<td><b>Ak\u0131m<\/b><\/td>\r\n\t\t\t<td>350 mA<\/td>\r\n\t\t<\/tr>\r\n\t\t\t\t\t\t\r\n\t<\/table>\r\n<\/body>\r\n<\/html>\t\t<\/div>\n\t\t\t\t<\/div>\n\t\t\t\t\t<\/div>\n\t\t<\/div>\n\t\t\t\t\t\t\t<\/div>\n\t\t<\/section>\n\t\t\t\t\t\t<\/div>\n\t\t\t\t\t<\/div>\n\t\t","protected":false},"excerpt":{"rendered":"<p>Yerli LED Driver Model BLDR-65-350 Giri\u015f Voltaj\u0131 220-240V AC G\u00fc\u00e7 Fakt\u00f6r\u00fc &gt;0.9 Verimlilik \u2265%89 Kasa Tipi Plastik G\u00fc\u00e7 65 w Ip IP20 \u00c7\u0131k\u0131\u015f Voltaj\u0131 Max 180V DC Ak\u0131m 350 mA &nbsp;<\/p>\n","protected":false},"author":1,"featured_media":0,"parent":0,"menu_order":0,"comment_status":"closed","ping_status":"closed","template":"","meta":{"_joinchat":[]},"_links":{"self":[{"href":"https:\/\/www.bulledaydinlatma.com\/index.php\/wp-json\/wp\/v2\/pages\/1140"}],"collection":[{"href":"https:\/\/www.bulledaydinlatma.com\/index.php\/wp-json\/wp\/v2\/pages"}],"about":[{"href":"https:\/\/www.bulledaydinlatma.com\/index.php\/wp-json\/wp\/v2\/types\/page"}],"author":[{"embeddable":true,"href":"https:\/\/www.bulledaydinlatma.com\/index.php\/wp-json\/wp\/v2\/users\/1"}],"replies":[{"embeddable":true,"href":"https:\/\/www.bulledaydinlatma.com\/index.php\/wp-json\/wp\/v2\/comments?post=1140"}],"version-history":[{"count":12,"href":"https:\/\/www.bulledaydinlatma.com\/index.php\/wp-json\/wp\/v2\/pages\/1140\/revisions"}],"predecessor-version":[{"id":1284,"href":"https:\/\/www.bulledaydinlatma.com\/index.php\/wp-json\/wp\/v2\/pages\/1140\/revisions\/1284"}],"wp:attachment":[{"href":"https:\/\/www.bulledaydinlatma.com\/index.php\/wp-json\/wp\/v2\/media?parent=1140"}],"curies":[{"name":"wp","href":"https:\/\/api.w.org\/{rel}","templated":true}]}}