{"id":682,"date":"2023-07-17T06:37:53","date_gmt":"2023-07-17T06:37:53","guid":{"rendered":"https:\/\/www.bulledaydinlatma.com\/?page_id=682"},"modified":"2023-07-17T06:39:36","modified_gmt":"2023-07-17T06:39:36","slug":"blsk-30","status":"publish","type":"page","link":"https:\/\/www.bulledaydinlatma.com\/index.php\/blsk-30\/","title":{"rendered":"BLSK-30"},"content":{"rendered":"\t\t<div data-elementor-type=\"wp-page\" data-elementor-id=\"682\" class=\"elementor elementor-682\" data-elementor-settings=\"[]\">\n\t\t\t\t\t\t\t<div class=\"elementor-section-wrap\">\n\t\t\t\t\t\t\t<section class=\"elementor-section elementor-top-section elementor-element elementor-element-6b681cf elementor-section-stretched elementor-section-boxed elementor-section-height-default elementor-section-height-default\" data-id=\"6b681cf\" data-element_type=\"section\" data-settings=\"{&quot;stretch_section&quot;:&quot;section-stretched&quot;}\">\n\t\t\t\t\t\t<div class=\"elementor-container elementor-column-gap-default\">\n\t\t\t\t\t<div class=\"elementor-column elementor-col-33 elementor-top-column elementor-element elementor-element-1263c1c\" data-id=\"1263c1c\" data-element_type=\"column\" data-settings=\"{&quot;background_background&quot;:&quot;classic&quot;}\">\n\t\t\t<div class=\"elementor-widget-wrap elementor-element-populated\">\n\t\t\t\t\t\t\t\t<div class=\"elementor-element elementor-element-8430d40 elementor-widget elementor-widget-heading\" data-id=\"8430d40\" data-element_type=\"widget\" data-widget_type=\"heading.default\">\n\t\t\t\t<div class=\"elementor-widget-container\">\n\t\t\t<h2 class=\"elementor-heading-title elementor-size-default\">Sokak Armat\u00fcr\u00fc Mod\u00fcl<\/h2>\t\t<\/div>\n\t\t\t\t<\/div>\n\t\t\t\t<div class=\"elementor-element elementor-element-4517afb elementor-skin-coverflow elementor-arrows-yes elementor-pagination-type-bullets elementor-pagination-position-outside elementor-widget elementor-widget-media-carousel\" data-id=\"4517afb\" data-element_type=\"widget\" data-settings=\"{&quot;skin&quot;:&quot;coverflow&quot;,&quot;slides_per_view&quot;:&quot;1&quot;,&quot;space_between&quot;:{&quot;unit&quot;:&quot;px&quot;,&quot;size&quot;:25,&quot;sizes&quot;:[]},&quot;show_arrows&quot;:&quot;yes&quot;,&quot;pagination&quot;:&quot;bullets&quot;,&quot;speed&quot;:500,&quot;autoplay&quot;:&quot;yes&quot;,&quot;autoplay_speed&quot;:5000,&quot;loop&quot;:&quot;yes&quot;,&quot;pause_on_hover&quot;:&quot;yes&quot;,&quot;pause_on_interaction&quot;:&quot;yes&quot;,&quot;space_between_tablet&quot;:{&quot;unit&quot;:&quot;px&quot;,&quot;size&quot;:10,&quot;sizes&quot;:[]},&quot;space_between_mobile&quot;:{&quot;unit&quot;:&quot;px&quot;,&quot;size&quot;:10,&quot;sizes&quot;:[]}}\" data-widget_type=\"media-carousel.default\">\n\t\t\t\t<div class=\"elementor-widget-container\">\n\t\t\t\t\t<div class=\"elementor-swiper\">\n\t\t\t<div class=\"elementor-main-swiper swiper-container\">\n\t\t\t\t<div class=\"swiper-wrapper\">\n\t\t\t\t\t\t\t\t\t\t\t<div class=\"swiper-slide\">\n\t\t\t\t\t\t\t<a href=\"http:\/\/www.bulledaydinlatma.com\/wp-content\/uploads\/2023\/07\/BLSK-30-24S4P-3030-100-96-SKL.png\" data-elementor-open-lightbox=\"yes\" data-elementor-lightbox-slideshow=\"4517afb\" data-elementor-lightbox-title=\"BLSK-30 - 24S4P 3030 100-96-SKL\">\t\t<div class=\"elementor-carousel-image\" style=\"background-image: url(https:\/\/www.bulledaydinlatma.com\/wp-content\/uploads\/2023\/07\/BLSK-30-24S4P-3030-100-96-SKL-1024x794.png)\">\n\t\t\t\t\t<\/div>\n\t\t<\/a>\t\t\t\t\t\t<\/div>\n\t\t\t\t\t\t\t\t\t\t\t<div class=\"swiper-slide\">\n\t\t\t\t\t\t\t<a href=\"http:\/\/www.bulledaydinlatma.com\/wp-content\/uploads\/2023\/07\/SKL-60.png\" data-elementor-open-lightbox=\"yes\" data-elementor-lightbox-slideshow=\"4517afb\" data-elementor-lightbox-title=\"SKL-60\">\t\t<div class=\"elementor-carousel-image\" style=\"background-image: url(https:\/\/www.bulledaydinlatma.com\/wp-content\/uploads\/2023\/07\/SKL-60.png)\">\n\t\t\t\t\t<\/div>\n\t\t<\/a>\t\t\t\t\t\t<\/div>\n\t\t\t\t\t\t\t\t\t<\/div>\n\t\t\t\t\t\t\t\t\t\t\t\t\t\t\t<div class=\"swiper-pagination\"><\/div>\n\t\t\t\t\t\t\t\t\t\t\t\t\t\t\t\t<div class=\"elementor-swiper-button elementor-swiper-button-prev\">\n\t\t\t\t\t\t\t<i class=\"eicon-chevron-left\" aria-hidden=\"true\"><\/i>\n\t\t\t\t\t\t\t<span class=\"elementor-screen-only\">Previous<\/span>\n\t\t\t\t\t\t<\/div>\n\t\t\t\t\t\t<div class=\"elementor-swiper-button elementor-swiper-button-next\">\n\t\t\t\t\t\t\t<i class=\"eicon-chevron-right\" aria-hidden=\"true\"><\/i>\n\t\t\t\t\t\t\t<span class=\"elementor-screen-only\">Next<\/span>\n\t\t\t\t\t\t<\/div>\n\t\t\t\t\t\t\t\t\t\t\t\t<\/div>\n\t\t<\/div>\n\t\t\t\t<\/div>\n\t\t\t\t<\/div>\n\t\t\t\t\t<\/div>\n\t\t<\/div>\n\t\t\t\t<div class=\"elementor-column elementor-col-33 elementor-top-column elementor-element elementor-element-acd9490\" data-id=\"acd9490\" data-element_type=\"column\">\n\t\t\t<div class=\"elementor-widget-wrap\">\n\t\t\t\t\t\t\t\t\t<\/div>\n\t\t<\/div>\n\t\t\t\t<div class=\"elementor-column elementor-col-33 elementor-top-column elementor-element elementor-element-02484ca\" data-id=\"02484ca\" data-element_type=\"column\">\n\t\t\t<div class=\"elementor-widget-wrap elementor-element-populated\">\n\t\t\t\t\t\t\t\t<div class=\"elementor-element elementor-element-79babc6 elementor-invisible elementor-widget elementor-widget-html\" data-id=\"79babc6\" data-element_type=\"widget\" data-settings=\"{&quot;_animation&quot;:&quot;bounceIn&quot;}\" data-widget_type=\"html.default\">\n\t\t\t\t<div class=\"elementor-widget-container\">\n\t\t\t<!DOCTYPE html>\r\n<html>\r\n<head>\r\n\t<title>LED \u00d6zellikleri<\/title>\r\n<\/head>\r\n<body>\r\n\t<table>\r\n\t\t<tr>\r\n\t\t\t<td><b>Model<\/b><\/td>\r\n\t\t\t<td>BLSK-30<\/td>\r\n\t\t<\/tr>\r\n\t\t<tr>\r\n\t\t\t<td><b>PCB<\/b><\/td>\r\n\t\t\t<td>Al\u00fcminyum<\/td>\r\n\t\t<\/tr>\r\n\t\t<tr>\r\n\t\t\t<td><b>Watt<\/b><\/td>\r\n\t\t\t<td>100w<\/td>\r\n\t\t<\/tr>\r\n\t\t<tr>\r\n\t\t\t<td><b>Led<\/b><\/td>\r\n\t\t\t<td>30x30<\/td>\r\n\t\t<\/tr>\r\n\t\t<tr>\r\n\t\t\t<td><b>\u00c7al\u0131\u015fma Voltaj\u0131<\/b><\/td>\r\n\t\t\t<td>36,2v<\/td>\r\n\t\t<\/tr>\r\n\t\t<tr>\r\n\t\t\t<td><b>\u00c7al\u0131\u015fma Ak\u0131m\u0131<\/b><\/td>\r\n\t\t\t<td>2700mA<\/td>\r\n\t\t<\/tr>\r\n\t\t<tr>\r\n\t\t\t<td><b>Led Adeti<\/b><\/td>\r\n\t\t\t<td>96<\/td>\r\n\t\t<\/tr>\r\n\t\t<tr>\r\n\t\t\t<td><b>Led Dizilimi<\/b><\/td>\r\n\t\t\t<td>16 Parelel 6 Seri<\/td>\r\n\t\t<\/tr>\r\n\t\t<tr>\r\n\t\t\t<td><b>PCB Kal\u0131nl\u0131\u011f\u0131<\/b><\/td>\r\n\t\t\t<td>1.6mm<\/td>\r\n\t\t<\/tr>\r\n\t\t<tr>\r\n\t\t\t<td><b>Bak\u0131r Kal\u0131nl\u0131\u011f\u0131<\/b><\/td>\r\n\t\t\t<td>35\u00b5m<\/td>\r\n\t\t<\/tr>\r\n\t<\/table>\r\n<\/body>\r\n<\/html>\t\t<\/div>\n\t\t\t\t<\/div>\n\t\t\t\t\t<\/div>\n\t\t<\/div>\n\t\t\t\t\t\t\t<\/div>\n\t\t<\/section>\n\t\t\t\t<section class=\"elementor-section elementor-top-section elementor-element elementor-element-66ba5db elementor-section-boxed elementor-section-height-default elementor-section-height-default\" data-id=\"66ba5db\" data-element_type=\"section\">\n\t\t\t\t\t\t<div class=\"elementor-container elementor-column-gap-default\">\n\t\t\t\t\t<div class=\"elementor-column elementor-col-25 elementor-top-column elementor-element elementor-element-8718d9e\" data-id=\"8718d9e\" data-element_type=\"column\" data-settings=\"{&quot;background_background&quot;:&quot;classic&quot;}\">\n\t\t\t<div class=\"elementor-widget-wrap elementor-element-populated\">\n\t\t\t\t\t\t\t\t<div class=\"elementor-element elementor-element-71fbc29 elementor-widget elementor-widget-counter\" data-id=\"71fbc29\" data-element_type=\"widget\" data-widget_type=\"counter.default\">\n\t\t\t\t<div class=\"elementor-widget-container\">\n\t\t\t\t\t<div class=\"elementor-counter\">\n\t\t\t<div class=\"elementor-counter-number-wrapper\">\n\t\t\t\t<span class=\"elementor-counter-number-prefix\"><\/span>\n\t\t\t\t<span class=\"elementor-counter-number\" data-duration=\"2000\" data-to-value=\"80\" data-from-value=\"0\" data-delimiter=\",\">0<\/span>\n\t\t\t\t<span class=\"elementor-counter-number-suffix\"><\/span>\n\t\t\t<\/div>\n\t\t\t\t\t\t\t<div class=\"elementor-counter-title\">CRI<\/div>\n\t\t\t\t\t<\/div>\n\t\t\t\t<\/div>\n\t\t\t\t<\/div>\n\t\t\t\t\t<\/div>\n\t\t<\/div>\n\t\t\t\t<div class=\"elementor-column elementor-col-25 elementor-top-column elementor-element elementor-element-e29b39a\" data-id=\"e29b39a\" data-element_type=\"column\" data-settings=\"{&quot;background_background&quot;:&quot;classic&quot;}\">\n\t\t\t<div class=\"elementor-widget-wrap elementor-element-populated\">\n\t\t\t\t\t\t\t\t<div class=\"elementor-element elementor-element-d348195 elementor-widget elementor-widget-counter\" data-id=\"d348195\" data-element_type=\"widget\" data-widget_type=\"counter.default\">\n\t\t\t\t<div class=\"elementor-widget-container\">\n\t\t\t\t\t<div class=\"elementor-counter\">\n\t\t\t<div class=\"elementor-counter-number-wrapper\">\n\t\t\t\t<span class=\"elementor-counter-number-prefix\"><\/span>\n\t\t\t\t<span class=\"elementor-counter-number\" data-duration=\"2000\" data-to-value=\"150\" data-from-value=\"0\" data-delimiter=\",\">0<\/span>\n\t\t\t\t<span class=\"elementor-counter-number-suffix\"><\/span>\n\t\t\t<\/div>\n\t\t\t\t\t\t\t<div class=\"elementor-counter-title\">L\u00fcmen\/W<\/div>\n\t\t\t\t\t<\/div>\n\t\t\t\t<\/div>\n\t\t\t\t<\/div>\n\t\t\t\t\t<\/div>\n\t\t<\/div>\n\t\t\t\t<div class=\"elementor-column elementor-col-25 elementor-top-column elementor-element elementor-element-d07eb29\" data-id=\"d07eb29\" data-element_type=\"column\" data-settings=\"{&quot;background_background&quot;:&quot;classic&quot;}\">\n\t\t\t<div class=\"elementor-widget-wrap elementor-element-populated\">\n\t\t\t\t\t\t\t\t<div class=\"elementor-element elementor-element-36b7375 elementor-widget elementor-widget-counter\" data-id=\"36b7375\" data-element_type=\"widget\" data-widget_type=\"counter.default\">\n\t\t\t\t<div class=\"elementor-widget-container\">\n\t\t\t\t\t<div class=\"elementor-counter\">\n\t\t\t<div class=\"elementor-counter-number-wrapper\">\n\t\t\t\t<span class=\"elementor-counter-number-prefix\">%<\/span>\n\t\t\t\t<span class=\"elementor-counter-number\" data-duration=\"2000\" data-to-value=\"85\" data-from-value=\"0\" data-delimiter=\",\">0<\/span>\n\t\t\t\t<span class=\"elementor-counter-number-suffix\"><\/span>\n\t\t\t<\/div>\n\t\t\t\t\t\t\t<div class=\"elementor-counter-title\">Eneji Tasarrufu<\/div>\n\t\t\t\t\t<\/div>\n\t\t\t\t<\/div>\n\t\t\t\t<\/div>\n\t\t\t\t\t<\/div>\n\t\t<\/div>\n\t\t\t\t<div class=\"elementor-column elementor-col-25 elementor-top-column elementor-element elementor-element-57f9885\" data-id=\"57f9885\" data-element_type=\"column\" data-settings=\"{&quot;background_background&quot;:&quot;classic&quot;}\">\n\t\t\t<div class=\"elementor-widget-wrap elementor-element-populated\">\n\t\t\t\t\t\t\t\t<div class=\"elementor-element elementor-element-f5d061d elementor-widget elementor-widget-counter\" data-id=\"f5d061d\" data-element_type=\"widget\" data-widget_type=\"counter.default\">\n\t\t\t\t<div class=\"elementor-widget-container\">\n\t\t\t\t\t<div class=\"elementor-counter\">\n\t\t\t<div class=\"elementor-counter-number-wrapper\">\n\t\t\t\t<span class=\"elementor-counter-number-prefix\"><\/span>\n\t\t\t\t<span class=\"elementor-counter-number\" data-duration=\"2000\" data-to-value=\"50000\" data-from-value=\"0\" data-delimiter=\",\">0<\/span>\n\t\t\t\t<span class=\"elementor-counter-number-suffix\"><\/span>\n\t\t\t<\/div>\n\t\t\t\t\t\t\t<div class=\"elementor-counter-title\">Saat \u00d6m\u00fcr<\/div>\n\t\t\t\t\t<\/div>\n\t\t\t\t<\/div>\n\t\t\t\t<\/div>\n\t\t\t\t\t<\/div>\n\t\t<\/div>\n\t\t\t\t\t\t\t<\/div>\n\t\t<\/section>\n\t\t\t\t\t\t<\/div>\n\t\t\t\t\t<\/div>\n\t\t","protected":false},"excerpt":{"rendered":"<p>Sokak Armat\u00fcr\u00fc Mod\u00fcl Previous Next LED \u00d6zellikleri Model BLSK-30 PCB Al\u00fcminyum Watt 100w Led 30&#215;30 \u00c7al\u0131\u015fma Voltaj\u0131 36,2v \u00c7al\u0131\u015fma Ak\u0131m\u0131 2700mA Led Adeti 96 Led Dizilimi 16 Parelel 6 Seri PCB Kal\u0131nl\u0131\u011f\u0131 1.6mm Bak\u0131r Kal\u0131nl\u0131\u011f\u0131 35\u00b5m 0 CRI 0 L\u00fcmen\/W % 0 Eneji Tasarrufu 0 Saat \u00d6m\u00fcr<\/p>\n","protected":false},"author":1,"featured_media":0,"parent":0,"menu_order":0,"comment_status":"closed","ping_status":"closed","template":"","meta":{"_joinchat":[]},"_links":{"self":[{"href":"https:\/\/www.bulledaydinlatma.com\/index.php\/wp-json\/wp\/v2\/pages\/682"}],"collection":[{"href":"https:\/\/www.bulledaydinlatma.com\/index.php\/wp-json\/wp\/v2\/pages"}],"about":[{"href":"https:\/\/www.bulledaydinlatma.com\/index.php\/wp-json\/wp\/v2\/types\/page"}],"author":[{"embeddable":true,"href":"https:\/\/www.bulledaydinlatma.com\/index.php\/wp-json\/wp\/v2\/users\/1"}],"replies":[{"embeddable":true,"href":"https:\/\/www.bulledaydinlatma.com\/index.php\/wp-json\/wp\/v2\/comments?post=682"}],"version-history":[{"count":4,"href":"https:\/\/www.bulledaydinlatma.com\/index.php\/wp-json\/wp\/v2\/pages\/682\/revisions"}],"predecessor-version":[{"id":686,"href":"https:\/\/www.bulledaydinlatma.com\/index.php\/wp-json\/wp\/v2\/pages\/682\/revisions\/686"}],"wp:attachment":[{"href":"https:\/\/www.bulledaydinlatma.com\/index.php\/wp-json\/wp\/v2\/media?parent=682"}],"curies":[{"name":"wp","href":"https:\/\/api.w.org\/{rel}","templated":true}]}}